{"id":69,"date":"2022-12-06T11:23:38","date_gmt":"2022-12-06T11:23:38","guid":{"rendered":"https:\/\/www.bibliomoesano.ch\/?page_id=69"},"modified":"2025-07-14T20:33:35","modified_gmt":"2025-07-14T19:33:35","slug":"orari","status":"publish","type":"page","link":"https:\/\/www.bibliomoesano.ch\/index.php\/orari\/","title":{"rendered":"Recapiti e orari"},"content":{"rendered":"\t\t<div data-elementor-type=\"wp-page\" data-elementor-id=\"69\" class=\"elementor elementor-69\">\n\t\t\t\t\t\t<section class=\"elementor-section elementor-top-section elementor-element elementor-element-5ccd842 elementor-section-boxed elementor-section-height-default elementor-section-height-default\" data-id=\"5ccd842\" data-element_type=\"section\" data-settings=\"{&quot;jet_parallax_layout_list&quot;:[]}\">\n\t\t\t\t\t\t<div class=\"elementor-container elementor-column-gap-default\">\n\t\t\t\t\t<div class=\"elementor-column elementor-col-100 elementor-top-column elementor-element elementor-element-1c1872d\" data-id=\"1c1872d\" data-element_type=\"column\">\n\t\t\t<div class=\"elementor-widget-wrap elementor-element-populated\">\n\t\t\t\t\t\t<div class=\"elementor-element elementor-element-24f34d5 elementor-widget__width-initial elementor-widget elementor-widget-text-editor\" data-id=\"24f34d5\" data-element_type=\"widget\" data-widget_type=\"text-editor.default\">\n\t\t\t\t<div class=\"elementor-widget-container\">\n\t\t\t<style>\/*! elementor - v3.23.0 - 15-07-2024 *\/\n.elementor-widget-text-editor.elementor-drop-cap-view-stacked .elementor-drop-cap{background-color:#69727d;color:#fff}.elementor-widget-text-editor.elementor-drop-cap-view-framed .elementor-drop-cap{color:#69727d;border:3px solid;background-color:transparent}.elementor-widget-text-editor:not(.elementor-drop-cap-view-default) .elementor-drop-cap{margin-top:8px}.elementor-widget-text-editor:not(.elementor-drop-cap-view-default) .elementor-drop-cap-letter{width:1em;height:1em}.elementor-widget-text-editor .elementor-drop-cap{float:left;text-align:center;line-height:1;font-size:50px}.elementor-widget-text-editor .elementor-drop-cap-letter{display:inline-block}<\/style>\t\t\t\t<figure><\/figure><figure><\/figure><figure>Ci potete visitare, di norma, negli orari di apertura della biblioteca comunale:\u00a0<\/figure><p>marted\u00ec 16:30-18:00<br \/>mercoled\u00ec 15:30-17:30<br \/>venerd\u00ec 19:30-21:00<\/p><p>oppure su appuntamento per telefono o e-mail:<\/p><p>E-mail: bibliomoesano@bluewin.ch<br \/>Telefono: +41 79 360 45 43 (Assunta Mantovani-Toschini) oppure +41 79 410 52 09 (Flavia Plozza-Martinelli)<\/p><p>\u00a0<\/p><p>Indirizzo:\u00a0 Strad\u00f3n, 6562 Soazza<\/p>\t\t\t\t\t\t<\/div>\n\t\t\t\t<\/div>\n\t\t\t\t\t<\/div>\n\t\t<\/div>\n\t\t\t\t\t<\/div>\n\t\t<\/section>\n\t\t\t\t<section class=\"elementor-section elementor-top-section elementor-element elementor-element-9fe4ed5 elementor-section-boxed elementor-section-height-default elementor-section-height-default\" data-id=\"9fe4ed5\" data-element_type=\"section\" data-settings=\"{&quot;jet_parallax_layout_list&quot;:[]}\">\n\t\t\t\t\t\t<div class=\"elementor-container elementor-column-gap-default\">\n\t\t\t\t\t<div class=\"elementor-column elementor-col-100 elementor-top-column elementor-element elementor-element-61913a0\" data-id=\"61913a0\" data-element_type=\"column\">\n\t\t\t<div class=\"elementor-widget-wrap elementor-element-populated\">\n\t\t\t\t\t\t<div class=\"elementor-element elementor-element-31a68bb elementor-widget elementor-widget-google_maps\" data-id=\"31a68bb\" data-element_type=\"widget\" data-widget_type=\"google_maps.default\">\n\t\t\t\t<div class=\"elementor-widget-container\">\n\t\t\t<style>\/*! elementor - v3.23.0 - 15-07-2024 *\/\n.elementor-widget-google_maps .elementor-widget-container{overflow:hidden}.elementor-widget-google_maps .elementor-custom-embed{line-height:0}.elementor-widget-google_maps iframe{height:300px}<\/style>\t\t<div class=\"elementor-custom-embed\">\n\t\t\t<iframe loading=\"lazy\"\n\t\t\t\t\tsrc=\"https:\/\/maps.google.com\/maps?q=Biblioteca%20Comunale%20Soazza&#038;t=m&#038;z=17&#038;output=embed&#038;iwloc=near\"\n\t\t\t\t\ttitle=\"Biblioteca Comunale Soazza\"\n\t\t\t\t\taria-label=\"Biblioteca Comunale Soazza\"\n\t\t\t><\/iframe>\n\t\t<\/div>\n\t\t\t\t<\/div>\n\t\t\t\t<\/div>\n\t\t\t\t\t<\/div>\n\t\t<\/div>\n\t\t\t\t\t<\/div>\n\t\t<\/section>\n\t\t\t\t<\/div>\n\t\t","protected":false},"excerpt":{"rendered":"<p>Ci potete visitare, di norma, negli orari di apertura della biblioteca comunale:\u00a0 marted\u00ec 16:30-18:00mercoled\u00ec 15:30-17:30venerd\u00ec 19:30-21:00 oppure su appuntamento per telefono o e-mail: E-mail: bibliomoesano@bluewin.chTelefono: +41 79 360 45 43 (Assunta Mantovani-Toschini) oppure +41 79 410 52 09 (Flavia Plozza-Martinelli) \u00a0 Indirizzo:\u00a0 Strad\u00f3n, 6562 Soazza<\/p>\n","protected":false},"author":1,"featured_media":0,"parent":0,"menu_order":0,"comment_status":"closed","ping_status":"closed","template":"elementor_header_footer","meta":{"footnotes":""},"class_list":["post-69","page","type-page","status-publish","hentry","no-thumb"],"_links":{"self":[{"href":"https:\/\/www.bibliomoesano.ch\/index.php\/wp-json\/wp\/v2\/pages\/69","targetHints":{"allow":["GET"]}}],"collection":[{"href":"https:\/\/www.bibliomoesano.ch\/index.php\/wp-json\/wp\/v2\/pages"}],"about":[{"href":"https:\/\/www.bibliomoesano.ch\/index.php\/wp-json\/wp\/v2\/types\/page"}],"author":[{"embeddable":true,"href":"https:\/\/www.bibliomoesano.ch\/index.php\/wp-json\/wp\/v2\/users\/1"}],"replies":[{"embeddable":true,"href":"https:\/\/www.bibliomoesano.ch\/index.php\/wp-json\/wp\/v2\/comments?post=69"}],"version-history":[{"count":49,"href":"https:\/\/www.bibliomoesano.ch\/index.php\/wp-json\/wp\/v2\/pages\/69\/revisions"}],"predecessor-version":[{"id":958,"href":"https:\/\/www.bibliomoesano.ch\/index.php\/wp-json\/wp\/v2\/pages\/69\/revisions\/958"}],"wp:attachment":[{"href":"https:\/\/www.bibliomoesano.ch\/index.php\/wp-json\/wp\/v2\/media?parent=69"}],"curies":[{"name":"wp","href":"https:\/\/api.w.org\/{rel}","templated":true}]}}